{"id":121,"date":"2020-11-03T10:04:41","date_gmt":"2020-11-03T09:04:41","guid":{"rendered":"https:\/\/together.dergoldbroiler.com\/?page_id=121"},"modified":"2025-04-10T15:48:23","modified_gmt":"2025-04-10T13:48:23","slug":"beratung","status":"publish","type":"page","link":"https:\/\/tv.developonline.eu\/ru\/beratung\/","title":{"rendered":"\u041a\u043e\u043d\u0441\u0443\u043b\u044c\u0442\u0430\u0446\u0438\u0438"},"content":{"rendered":"<h2>Wir sind f\u00fcr Dich da!<\/h2>\n<p>Es ist nicht immer leicht im Leben und jede_r braucht mal Rat. Egal ob bei Unsicherheiten oder Chaos in Deiner Gef\u00fchlswelt, Schwierigkeiten im Coming-Out oder einer Transition, Ausgrenzungs- und Diskriminierungserfahrungen, wichtigen Zukunftsentscheidungen, Liebeskummer, Stress in Schule oder Familie oder auch wenn Du Dich vielleicht mal allein f\u00fchlst: Wir sind f\u00fcr Dich da!<\/p>\n<p>W\u00e4hrend der \u00d6ffnungszeiten ist immer mindestens eine Person aus dem p\u00e4dagogischen Team vor Ort und hat ein offenes Ohr. Vieles kann man hier am Rande oder auch mit Unterst\u00fctzung von anderen jungen Menschen schnell mal besprechen. F\u00fcr andere Themen ist dies aber vielleicht nicht der passende Ort oder es geht eben nicht \u201emal eben\u201c. W\u00e4hrend der \u00d6ffnungszeiten kannst Du mit einer_m von uns einen Termin vereinbaren oder Dich \u2013 gerade auch, wenn Du das together bisher noch nicht besuchst \u2013 telefonisch an uns wenden.<\/p>\n<p>&nbsp;<\/p>\n<p>Info- und Beratungshotline Ruhrgebiet: <a href=\"http:\/\/0208- 30 27 358\">0208- 30 27 358<\/a><\/p>\n<p>Info- und Beratungshotline Niederrhein: <a href=\"http:\/\/02151 \u2013 44 96 930\">02151 \u2013 44 96 930<\/a><\/p>\n<p>Anonym und datensicher kannst Du auch die Onlineberatungsstelle nutzen:<\/p>\n<p><a href=\"https:\/\/lebenslust.assisto.online\/\" target=\"_blank\" rel=\"noopener\">Beranet Onlineberatung<\/a><\/p>\n<p>&nbsp;<\/p>\n<p>Egal f\u00fcr welchen Weg Du Dich entscheidest, ein paar Dinge sind klar:<br \/>\ndie Beratung ist immer kostenlos, wir nehmen unsere Schweigepflicht sehr ernst und wir geben selbstverst\u00e4ndlich keine pers\u00f6nlichen Daten von Dir weiter.<\/p>\n","protected":false},"excerpt":{"rendered":"<p>Wir sind f\u00fcr Dich da! Es ist nicht immer leicht im Leben und jede_r braucht mal Rat. Egal ob bei Unsicherheiten oder Chaos in Deiner Gef\u00fchlswelt, Schwierigkeiten im Coming-Out oder einer Transition, Ausgrenzungs- und Diskriminierungserfahrungen, wichtigen Zukunftsentscheidungen, Liebeskummer, Stress in Schule oder Familie oder auch wenn Du Dich vielleicht mal allein f\u00fchlst: Wir sind f\u00fcr [&hellip;]<\/p>\n","protected":false},"author":8,"featured_media":0,"parent":0,"menu_order":0,"comment_status":"closed","ping_status":"closed","template":"","meta":{"_acf_changed":false,"footnotes":""},"class_list":["post-121","page","type-page","status-publish","hentry"],"acf":[],"_links":{"self":[{"href":"https:\/\/tv.developonline.eu\/ru\/wp-json\/wp\/v2\/pages\/121","targetHints":{"allow":["GET"]}}],"collection":[{"href":"https:\/\/tv.developonline.eu\/ru\/wp-json\/wp\/v2\/pages"}],"about":[{"href":"https:\/\/tv.developonline.eu\/ru\/wp-json\/wp\/v2\/types\/page"}],"author":[{"embeddable":true,"href":"https:\/\/tv.developonline.eu\/ru\/wp-json\/wp\/v2\/users\/8"}],"replies":[{"embeddable":true,"href":"https:\/\/tv.developonline.eu\/ru\/wp-json\/wp\/v2\/comments?post=121"}],"version-history":[{"count":11,"href":"https:\/\/tv.developonline.eu\/ru\/wp-json\/wp\/v2\/pages\/121\/revisions"}],"predecessor-version":[{"id":4202,"href":"https:\/\/tv.developonline.eu\/ru\/wp-json\/wp\/v2\/pages\/121\/revisions\/4202"}],"wp:attachment":[{"href":"https:\/\/tv.developonline.eu\/ru\/wp-json\/wp\/v2\/media?parent=121"}],"curies":[{"name":"wp","href":"https:\/\/api.w.org\/{rel}","templated":true}]}}